{"id":1688,"date":"2022-09-07T11:59:59","date_gmt":"2022-09-07T09:59:59","guid":{"rendered":"http:\/\/elfollo.com\/?page_id=1688"},"modified":"2022-09-19T11:32:01","modified_gmt":"2022-09-19T09:32:01","slug":"aviso-legal","status":"publish","type":"page","link":"https:\/\/elfollo.com\/es\/aviso-legal\/","title":{"rendered":"Aviso Legal"},"content":{"rendered":"\t\t<div data-elementor-type=\"wp-page\" data-elementor-id=\"1688\" class=\"elementor elementor-1688 elementor-667\">\n\t\t\t\t\t\t<section class=\"elementor-section elementor-top-section elementor-element elementor-element-f1c3f95 elementor-section-full_width elementor-reverse-mobile elementor-section-height-default elementor-section-height-default parallax_section_no qode_elementor_container_no qode-content-aligment-left\" data-id=\"f1c3f95\" data-element_type=\"section\" data-settings=\"{&quot;background_background&quot;:&quot;classic&quot;}\">\n\t\t\t\t\t\t<div class=\"elementor-container elementor-column-gap-no\">\n\t\t\t\t\t<div class=\"elementor-column elementor-col-100 elementor-top-column elementor-element elementor-element-82b4c10\" data-id=\"82b4c10\" data-element_type=\"column\">\n\t\t\t<div class=\"elementor-widget-wrap elementor-element-populated\">\n\t\t\t\t\t\t<div class=\"elementor-element elementor-element-4aa1211 elementor-widget elementor-widget-text-editor\" data-id=\"4aa1211\" data-element_type=\"widget\" data-widget_type=\"text-editor.default\">\n\t\t\t\t<div class=\"elementor-widget-container\">\n\t\t\t\t\t\t\t\t\t<h3>AVISO LEGAL<\/h3><p>En cumplimiento con el deber de informaci\u00f3n recogido en art\u00edculo 10 de la Ley 34\/2002, de 11 de julio, de Servicios de la Sociedad de la Informaci\u00f3n y del Comercio Electr\u00f3nico (LSSICE), el propietario de la web , le informa de lo siguiente:<\/p><p>\u00a0<\/p><ul><li>Denominaci\u00f3n social: MERCE BRUNES, SL<\/li><li>NIF: B64294622<\/li><li>Domicilio: Masia el Foll\u00f3 s\/n, 08593 \u2013 Tagamanent (Barcelona)<\/li><\/ul><p>Inscrita en el Registro Mercantil de BARCELONA al Tomo 38902, folio 90, secci\u00f3n , hoja B n\u00famero 331425, inscripci\u00f3n 1<\/p><p>\u00a0<\/p><p>Con los l\u00edmites establecidos en la ley, MERCE BRUNES, SL no asume ninguna responsabilidad derivada de la falta de veracidad, integridad, actualizaci\u00f3n y precisi\u00f3n de los datos o informaciones que contienen sus p\u00e1ginas web.<\/p><p>\u00a0<\/p><p>Los contenidos e informaci\u00f3n no vinculan a MERCE BRUNES, SL ni constituyen opiniones, consejos o asesoramiento legal de ning\u00fan tipo pues se trata meramente de un servicio ofrecido con car\u00e1cter informativo y divulgativo.<\/p><p>\u00a0<\/p><p>Las p\u00e1ginas de Internet de MERCE BRUNES, SL pueden contener enlaces (links) a otras p\u00e1ginas de terceras partes que MERCE BRUNES, SL no puede controlar. Por lo tanto, MERCE BRUNES, SL no puede asumir responsabilidades por el contenido que pueda aparecer en p\u00e1ginas de terceros.<\/p><p>\u00a0<\/p><p>Los textos, im\u00e1genes, sonidos, animaciones, software y el resto de contenidos incluidos en este website son propiedad exclusiva de MERCE BRUNES, SL o sus licenciantes. Cualquier acto de transmisi\u00f3n, distribuci\u00f3n, cesi\u00f3n, reproducci\u00f3n, almacenamiento o comunicaci\u00f3n p\u00fablica total o parcial, deber\u00e1 contar con el consentimiento expreso de MERCE BRUNES, SL.<\/p><p>\u00a0<\/p><p>Asimismo, para acceder a algunos de los servicios que MERCE BRUNES, SL ofrece a trav\u00e9s del sitio web, deber\u00e1 proporcionar algunos datos de car\u00e1cter personal. En cumplimiento de lo establecido en el Reglamento (UE) 2016\/679 del Parlamento Europeo y del Consejo, de 27 de abril de 2016, relativo a la protecci\u00f3n de las personas f\u00edsicas en lo que respecta al tratamiento de datos personales y a la libre circulaci\u00f3n de estos datos le informamos que, mediante la cumplimentaci\u00f3n de los presentes formularios, sus datos personales quedar\u00e1n incorporados y ser\u00e1n tratados en los ficheros de MERCE BRUNES, SL con el fin de poderle prestar y ofrecer nuestros servicios as\u00ed como para informarle de las mejoras del sitio Web.<\/p><p>\u00a0<\/p><p>Le informamos tambi\u00e9n de que tendr\u00e1 la posibilidad en todo momento de ejercer los derechos de acceso, rectificaci\u00f3n, cancelaci\u00f3n, oposici\u00f3n, limitaci\u00f3n y portabilidad de sus datos de car\u00e1cter personal, de manera gratuita mediante email a: <a href=\"mailto:elfollo@elfollo.com\">elfollo@elfollo.com<\/a> o en la direcci\u00f3n: Masia el Foll\u00f3 s\/n, 08593 \u2013 Tagamanent (Barcelona) .<\/p>\t\t\t\t\t\t\t\t<\/div>\n\t\t\t\t<\/div>\n\t\t\t\t<div class=\"elementor-element elementor-element-3c42d0e elementor-widget elementor-widget-spacer\" data-id=\"3c42d0e\" data-element_type=\"widget\" data-widget_type=\"spacer.default\">\n\t\t\t\t<div class=\"elementor-widget-container\">\n\t\t\t\t\t\t\t<div class=\"elementor-spacer\">\n\t\t\t<div class=\"elementor-spacer-inner\"><\/div>\n\t\t<\/div>\n\t\t\t\t\t\t<\/div>\n\t\t\t\t<\/div>\n\t\t\t\t\t<\/div>\n\t\t<\/div>\n\t\t\t\t\t<\/div>\n\t\t<\/section>\n\t\t\t\t<\/div>\n\t\t","protected":false},"excerpt":{"rendered":"<p>AVISO LEGAL En cumplimiento con el deber de informaci\u00f3n recogido en art\u00edculo 10 de la Ley 34\/2002, de 11 de julio, de Servicios de la Sociedad de la Informaci\u00f3n y del Comercio Electr\u00f3nico (LSSICE), el propietario de la web , le informa de lo siguiente:&#8230;<\/p>\n","protected":false},"author":1,"featured_media":0,"parent":0,"menu_order":0,"comment_status":"closed","ping_status":"closed","template":"full_width.php","meta":{"footnotes":""},"class_list":["post-1688","page","type-page","status-publish","hentry"],"_links":{"self":[{"href":"https:\/\/elfollo.com\/es\/wp-json\/wp\/v2\/pages\/1688","targetHints":{"allow":["GET"]}}],"collection":[{"href":"https:\/\/elfollo.com\/es\/wp-json\/wp\/v2\/pages"}],"about":[{"href":"https:\/\/elfollo.com\/es\/wp-json\/wp\/v2\/types\/page"}],"author":[{"embeddable":true,"href":"https:\/\/elfollo.com\/es\/wp-json\/wp\/v2\/users\/1"}],"replies":[{"embeddable":true,"href":"https:\/\/elfollo.com\/es\/wp-json\/wp\/v2\/comments?post=1688"}],"version-history":[{"count":4,"href":"https:\/\/elfollo.com\/es\/wp-json\/wp\/v2\/pages\/1688\/revisions"}],"predecessor-version":[{"id":1874,"href":"https:\/\/elfollo.com\/es\/wp-json\/wp\/v2\/pages\/1688\/revisions\/1874"}],"wp:attachment":[{"href":"https:\/\/elfollo.com\/es\/wp-json\/wp\/v2\/media?parent=1688"}],"curies":[{"name":"wp","href":"https:\/\/api.w.org\/{rel}","templated":true}]}}