{"id":1690,"date":"2022-09-07T11:59:59","date_gmt":"2022-09-07T09:59:59","guid":{"rendered":"http:\/\/elfollo.com\/?page_id=1690"},"modified":"2022-09-19T11:34:11","modified_gmt":"2022-09-19T09:34:11","slug":"legal-notice","status":"publish","type":"page","link":"https:\/\/elfollo.com\/en\/legal-notice\/","title":{"rendered":"Legal Notice"},"content":{"rendered":"\t\t<div data-elementor-type=\"wp-page\" data-elementor-id=\"1690\" class=\"elementor elementor-1690 elementor-667\">\n\t\t\t\t\t\t<section class=\"elementor-section elementor-top-section elementor-element elementor-element-f1c3f95 elementor-section-full_width elementor-reverse-mobile elementor-section-height-default elementor-section-height-default parallax_section_no qode_elementor_container_no qode-content-aligment-left\" data-id=\"f1c3f95\" data-element_type=\"section\" data-settings=\"{&quot;background_background&quot;:&quot;classic&quot;}\">\n\t\t\t\t\t\t<div class=\"elementor-container elementor-column-gap-no\">\n\t\t\t\t\t<div class=\"elementor-column elementor-col-100 elementor-top-column elementor-element elementor-element-82b4c10\" data-id=\"82b4c10\" data-element_type=\"column\">\n\t\t\t<div class=\"elementor-widget-wrap elementor-element-populated\">\n\t\t\t\t\t\t<div class=\"elementor-element elementor-element-4aa1211 elementor-widget elementor-widget-text-editor\" data-id=\"4aa1211\" data-element_type=\"widget\" data-widget_type=\"text-editor.default\">\n\t\t\t\t<div class=\"elementor-widget-container\">\n\t\t\t\t\t\t\t\t\t<h3>LEGAL NOTICE<\/h3><p>In compliance with the duty of information contained in article 10 of Law 34\/2002, of July 11, on Services of the Information Society and Electronic Commerce (LSSICE), the owner of the website, informs you of the following :\u00a0<\/p><ul><li>Company name: MERCE BRUNES, S.L\u00a0<\/li><li>NIF: B64294622<\/li><li>Address: Masia el Foll\u00f3 s\/n, 08593 \u2013 Tagamanent (Barcelona).<\/li><\/ul><p>Inscrita en el Registro Mercantil de BARCELONA al Tomo 38902, folio 90, secci\u00f3n , hoja B n\u00famero 331425, inscripci\u00f3n 1<\/p><p>With the limits established by law, MERCE BRUNES, S.L does not assume any responsibility derived from the lack of veracity, integrity, updating and precision of the data or information contained in its web pages.\u00a0<\/p><p>The contents and information do not bind MERCE BRUNES, S.L nor do they constitute opinions, advice or legal advice of any kind as it is merely a service offered for informational and informative purposes. The Internet pages of MERCE BRUNES, S.L may contain links to other third-party pages that MERCE BRUNES, S.L cannot control. Therefore, MERCE BRUNES, S.L cannot assume responsibility for the content that may appear on third-party pages. The texts, images, sounds, animations, software and the rest of the content included in this website are the exclusive property of MERCE BRUNES, S.L or its licensors. Any act of transmission, distribution, assignment, reproduction, storage or total or partial public communication must have the express consent of MERCE BRUNES, S.L. Likewise, to access some of the services that MERCE BRUNES, S.L offers through the website, you must provide some personal data. In compliance with the provisions of Regulation (EU) 2016\/679 of the European Parliament and of the Council, of April 27, 2016, regarding the protection of natural persons with regard to the processing of personal data and the free movement of These data we inform you that, by filling in these forms, your personal data will be incorporated and processed in the files of MERCE BRUNES, SL in order to be able to provide and offer our services as well as to inform you of improvements to the website. We also inform you that you will have the possibility at any time to exercise the rights of access, rectification, cancellation, opposition, limitation and portability of your personal data, free of charge by email to: reserves@elfollo.com or at the address : Masia el Foll\u00f3 s\/n, 08593 \u2013 Tagamanent (Barcelona).<\/p>\t\t\t\t\t\t\t\t<\/div>\n\t\t\t\t<\/div>\n\t\t\t\t<div class=\"elementor-element elementor-element-3c42d0e elementor-widget elementor-widget-spacer\" data-id=\"3c42d0e\" data-element_type=\"widget\" data-widget_type=\"spacer.default\">\n\t\t\t\t<div class=\"elementor-widget-container\">\n\t\t\t\t\t\t\t<div class=\"elementor-spacer\">\n\t\t\t<div class=\"elementor-spacer-inner\"><\/div>\n\t\t<\/div>\n\t\t\t\t\t\t<\/div>\n\t\t\t\t<\/div>\n\t\t\t\t\t<\/div>\n\t\t<\/div>\n\t\t\t\t\t<\/div>\n\t\t<\/section>\n\t\t\t\t<\/div>\n\t\t","protected":false},"excerpt":{"rendered":"<p>LEGAL NOTICE In compliance with the duty of information contained in article 10 of Law 34\/2002, of July 11, on Services of the Information Society and Electronic Commerce (LSSICE), the owner of the website, informs you of the following :\u00a0 Company name: MERCE BRUNES, S.L\u00a0&#8230;<\/p>\n","protected":false},"author":1,"featured_media":0,"parent":0,"menu_order":0,"comment_status":"closed","ping_status":"closed","template":"full_width.php","meta":{"footnotes":""},"class_list":["post-1690","page","type-page","status-publish","hentry"],"_links":{"self":[{"href":"https:\/\/elfollo.com\/en\/wp-json\/wp\/v2\/pages\/1690","targetHints":{"allow":["GET"]}}],"collection":[{"href":"https:\/\/elfollo.com\/en\/wp-json\/wp\/v2\/pages"}],"about":[{"href":"https:\/\/elfollo.com\/en\/wp-json\/wp\/v2\/types\/page"}],"author":[{"embeddable":true,"href":"https:\/\/elfollo.com\/en\/wp-json\/wp\/v2\/users\/1"}],"replies":[{"embeddable":true,"href":"https:\/\/elfollo.com\/en\/wp-json\/wp\/v2\/comments?post=1690"}],"version-history":[{"count":7,"href":"https:\/\/elfollo.com\/en\/wp-json\/wp\/v2\/pages\/1690\/revisions"}],"predecessor-version":[{"id":1877,"href":"https:\/\/elfollo.com\/en\/wp-json\/wp\/v2\/pages\/1690\/revisions\/1877"}],"wp:attachment":[{"href":"https:\/\/elfollo.com\/en\/wp-json\/wp\/v2\/media?parent=1690"}],"curies":[{"name":"wp","href":"https:\/\/api.w.org\/{rel}","templated":true}]}}